{"id":23330,"date":"2026-03-21T18:17:47","date_gmt":"2026-03-21T17:17:47","guid":{"rendered":"https:\/\/www.kaqun.sk\/?page_id=23330"},"modified":"2026-03-26T12:30:27","modified_gmt":"2026-03-26T11:30:27","slug":"obchodne-podmienky-opakovanych-platieb-predplatne","status":"publish","type":"page","link":"https:\/\/www.kaqun.sk\/cs\/obchodne-podmienky-opakovanych-platieb-predplatne\/","title":{"rendered":"Obchodn\u00e9 podmienky opakovan\u00fdch platieb (predplatn\u00e9)"},"content":{"rendered":"\t\t<div data-elementor-type=\"wp-page\" data-elementor-id=\"23330\" class=\"elementor elementor-23330\" data-elementor-post-type=\"page\">\n\t\t\t\t<div class=\"elementor-element elementor-element-3a2f52e3 e-flex e-con-boxed e-con e-parent\" data-id=\"3a2f52e3\" data-element_type=\"container\" data-e-type=\"container\">\n\t\t\t\t\t<div class=\"e-con-inner\">\n\t\t\t\t<div class=\"elementor-element elementor-element-e9575c4 elementor-widget elementor-widget-text-editor\" data-id=\"e9575c4\" data-element_type=\"widget\" data-e-type=\"widget\" data-widget_type=\"text-editor.default\">\n\t\t\t\t\t\t\t\t\t<h2 id=\"h-\" class=\"wp-block-heading\"><span style=\"font-family: Comfortaa;\">Dodatok k V\u0161eobecn\u00fdm obchodn\u00fdm podmienkam<\/span><\/h2>\n<p><!-- \/wp:paragraph --><!-- wp:paragraph --><\/p>\n<p><!-- \/wp:paragraph --><!-- wp:paragraph --><\/p>\n<p>Tento dodatok upravuje podmienky opakovan\u00fdch platieb a pravideln\u00e9ho doru\u010dovania produktov (\u010falej len \u201ePredplatn\u00e9\u201c), ktor\u00e9 Z\u00e1kazn\u00edk objedn\u00e1va cez webov\u00e9 str\u00e1nky spolo\u010dnosti.<\/p>\n<ol>\n<li>T\u00e1to \u010das\u0165 VOP sa vz\u0165ahuje na produkty, ktor\u00e9 je mo\u017en\u00e9 zak\u00fapi\u0165 vo forme predplatn\u00e9ho \u2013 napr\u00edklad automatick\u00e9 mesa\u010dn\u00e9 doru\u010dovanie pitn\u00e9ho re\u017eimu s\u00a0kysl\u00edkovou vodou KAQUN. Predplatn\u00e9 znamen\u00e1, \u017ee sa v pravideln\u00fdch intervaloch automaticky vytvor\u00ed nov\u00e1 objedn\u00e1vka a platba sa stiahne z platobnej karty Kupuj\u00faceho.<\/li>\n<li>Predplatn\u00e9 je mo\u017en\u00e9 nastavi\u0165 na obdobie: 30 dn\u00ed, 60 dn\u00ed alebo 90 dn\u00ed (pr\u00edpadne in\u00e9 obdobie pod\u013ea ponuky konkr\u00e9tneho produktu).<\/li>\n<li>Kupuj\u00faci ude\u013euje s\u00fahlas s automatick\u00fdm \u00fa\u010dtovan\u00edm platby za ka\u017ed\u00fd nasleduj\u00faci interval predplatn\u00e9ho. Cena sa automaticky stiahne z platobnej karty, ktor\u00fa Kupuj\u00faci zadal pri prvej objedn\u00e1vke, bez potreby \u010fal\u0161ej autoriz\u00e1cie.<\/li>\n<li>Ka\u017ed\u00e1 \u00faspe\u0161n\u00e1 automatick\u00e1 platba predstavuje nov\u00fa objedn\u00e1vku produktu Kupuj\u00facim.<\/li>\n<li>Produkt bude zaslan\u00fd na doru\u010dovaciu adresu uveden\u00fa v p\u00f4vodnej objedn\u00e1vke, pokia\u013e Kupuj\u00faci nepo\u017eiada o jej zmenu.<\/li>\n<li>Kupuj\u00faci m\u00f4\u017ee predplatn\u00e9 kedyko\u013evek zru\u0161i\u0165 v z\u00e1kazn\u00edckej z\u00f3ne eshopu.\u00a0V\u00a0pr\u00edpade ak Kupuj\u00faci bude \u017eiada\u0165 o\u00a0zru\u0161enie predplatn\u00e9ho, je potrebn\u00e9 t\u00fato \u017eiados\u0165 zasla\u0165 najnesk\u00f4r 48 hod\u00edn pred term\u00ednom \u010fal\u0161ej pl\u00e1novanej automatickej platby, aby Pred\u00e1vaj\u00faci objekt\u00edvne vedel zabezpe\u010di\u0165 zru\u0161enie predplatn\u00e9ho pred \u010fal\u0161ou pl\u00e1novanou automatickou platbou.<\/li>\n<li>Zru\u0161enie predplatn\u00e9ho nadob\u00fada \u00fa\u010dinnos\u0165 pre \u010fal\u0161ie obdobie, za ktor\u00e9 nebola vykonan\u00e1 \u00faspe\u0161n\u00e1 automatick\u00e1 platba. Za u\u017e uhraden\u00e9 predplatn\u00e9 sa suma nevracia, preto\u017ee ide o fyzicky odoslan\u00fd produkt. Uveden\u00e9 neplat\u00ed, ak z\u00e1kazn\u00edk vyu\u017eije svoje z\u00e1konn\u00e9 pr\u00e1vo na odst\u00fapenie od k\u00fapnej zmluvy na dia\u013eku v 14\u2011d\u0148ovej lehote.<\/li>\n<li>Ak platba nebude uhraden\u00e1 riadne a v\u010das, Poskytovate\u013e je opr\u00e1vnen\u00fd zru\u0161i\u0165 automatick\u00e9 dod\u00e1vanie produktov.<\/li>\n<li>Ka\u017ed\u00e1 z\u00e1sielka zaslan\u00e1 v r\u00e1mci predplatn\u00e9ho sa pova\u017euje za nov\u00fa k\u00fapnu zmluvu. Kupuj\u00faci m\u00e1 preto pr\u00e1vo odst\u00fapi\u0165 od zmluvy do 14 dn\u00ed od prevzatia z\u00e1sielky, ak produkt nebol otvoren\u00fd alebo pou\u017eit\u00fd, v s\u00falade s platnou legislat\u00edvou.<\/li>\n<li>Poskytovate\u013e nezodpoved\u00e1 za ne\u00faspe\u0161n\u00e9 spracovanie platby z d\u00f4vodu vypr\u0161ania platnosti karty, nedostatku prostriedkov alebo technick\u00fdch probl\u00e9mov na strane banky \u010di platobnej br\u00e1ny.<\/li>\n<\/ol>\n<p><!-- \/wp:paragraph --><\/p>\t\t\t\t\t\t\t\t<\/div>\n\t\t\t\t<div class=\"elementor-element elementor-element-92ce82d elementor-widget elementor-widget-text-editor\" data-id=\"92ce82d\" data-element_type=\"widget\" data-e-type=\"widget\" data-widget_type=\"text-editor.default\">\n\t\t\t\t\t\t\t\t\t<h2>Platby platobnou br\u00e1nou<\/h2>\n<div>\n<ol>\n<li>Platobn\u00e9 \u00fadaje sprac\u00fava v\u00fdhradne platobn\u00e1 br\u00e1na:<\/li>\n<\/ol>\n<\/div>\n<p>GoPay Czech, od\u0161t\u011bpn\u00fd z\u00e1vod zahrani\u010dn\u00ed pr\u00e1vnick\u00e9 osoby Worldline NV, Belgick\u00e9 kr\u00e1lovstv\u00ed, se s\u00eddlem Senov\u00e1\u017en\u00e9 n\u00e1m. 1736, 370 01 \u010cesk\u00e9 Bud\u011bjovice, I\u010c: 221 774 69, zapsan\u00e1 v obchodn\u00edm rejst\u0159\u00edku veden\u00e9m Krajsk\u00fdm soudem v \u010cesk\u00fdch Bud\u011bjovic\u00edch, odd\u00edl A, vlo\u017eka 11596.<\/p>\n<ol start=\"2\">\n<li>Spolo\u010dnos\u0165 GOPAY. spracov\u00e1va platobn\u00e9 \u00fadaje v s\u00falade s bezpe\u010dnostn\u00fdm \u0161tandardom PCI-DSS Level 1.<\/li>\n<li>Pred\u00e1vaj\u00faci nem\u00e1 pr\u00edstup k \u00fadajom o platobnej karte.<\/li>\n<li>Po ka\u017edej \u00faspe\u0161nej platbe bude Kupuj\u00faci informovan\u00fd e-mailom, ktor\u00e9ho s\u00fa\u010das\u0165ou bude aj fakt\u00fara a potvrdenie o odoslan\u00ed z\u00e1sielky.<\/li>\n<li>V pr\u00edpade ne\u00faspe\u0161nej platby bude Z\u00e1kazn\u00edk upozornen\u00fd e-mailom s pokynmi na jej op\u00e4tovn\u00e9 vykonanie.<\/li>\n<\/ol>\t\t\t\t\t\t\t\t<\/div>\n\t\t\t\t\t<\/div>\n\t\t\t\t<\/div>\n\t\t\t\t<\/div>\n\t\t","protected":false},"excerpt":{"rendered":"<p>Dodatok k V\u0161eobecn\u00fdm obchodn\u00fdm podmienkam Tento dodatok upravuje podmienky opakovan\u00fdch platieb a pravideln\u00e9ho doru\u010dovania produktov (\u010falej len \u201ePredplatn\u00e9\u201c), ktor\u00e9 Z\u00e1kazn\u00edk objedn\u00e1va cez webov\u00e9 str\u00e1nky spolo\u010dnosti. T\u00e1to \u010das\u0165 VOP sa vz\u0165ahuje na produkty, ktor\u00e9 je mo\u017en\u00e9 zak\u00fapi\u0165 vo forme predplatn\u00e9ho \u2013 napr\u00edklad automatick\u00e9 mesa\u010dn\u00e9 doru\u010dovanie pitn\u00e9ho re\u017eimu s\u00a0kysl\u00edkovou vodou KAQUN. Predplatn\u00e9 znamen\u00e1, \u017ee sa v pravideln\u00fdch [&hellip;]<\/p>\n","protected":false},"author":1,"featured_media":0,"parent":0,"menu_order":0,"comment_status":"closed","ping_status":"closed","template":"","meta":{"footnotes":""},"class_list":["post-23330","page","type-page","status-publish","hentry"],"yoast_head":"<!-- This site is optimized with the Yoast SEO Premium plugin v25.4 (Yoast SEO v25.4) - https:\/\/yoast.com\/wordpress\/plugins\/seo\/ -->\n<title>Obchodn\u00e9 podmienky opakovan\u00fdch platieb (predplatn\u00e9) - Kaqun | Kysl\u00edkov\u00e1 voda<\/title>\n<meta name=\"robots\" content=\"index, follow, max-snippet:-1, max-image-preview:large, max-video-preview:-1\" \/>\n<link rel=\"canonical\" href=\"https:\/\/www.kaqun.sk\/obchodne-podmienky-opakovanych-platieb-predplatne\/\" \/>\n<meta property=\"og:locale\" content=\"cs_CZ\" \/>\n<meta property=\"og:type\" content=\"article\" \/>\n<meta property=\"og:title\" content=\"Obchodn\u00e9 podmienky opakovan\u00fdch platieb (predplatn\u00e9)\" \/>\n<meta property=\"og:description\" content=\"Dodatok k V\u0161eobecn\u00fdm obchodn\u00fdm podmienkam Tento dodatok upravuje podmienky opakovan\u00fdch platieb a pravideln\u00e9ho doru\u010dovania produktov (\u010falej len \u201ePredplatn\u00e9\u201c), ktor\u00e9 Z\u00e1kazn\u00edk objedn\u00e1va cez webov\u00e9 str\u00e1nky spolo\u010dnosti. T\u00e1to \u010das\u0165 VOP sa vz\u0165ahuje na produkty, ktor\u00e9 je mo\u017en\u00e9 zak\u00fapi\u0165 vo forme predplatn\u00e9ho \u2013 napr\u00edklad automatick\u00e9 mesa\u010dn\u00e9 doru\u010dovanie pitn\u00e9ho re\u017eimu s\u00a0kysl\u00edkovou vodou KAQUN. Predplatn\u00e9 znamen\u00e1, \u017ee sa v pravideln\u00fdch [&hellip;]\" \/>\n<meta property=\"og:url\" content=\"https:\/\/www.kaqun.sk\/obchodne-podmienky-opakovanych-platieb-predplatne\/\" \/>\n<meta property=\"og:site_name\" content=\"Kaqun | Kysl\u00edkov\u00e1 voda\" \/>\n<meta property=\"article:modified_time\" content=\"2026-03-26T11:30:27+00:00\" \/>\n<meta name=\"twitter:card\" content=\"summary_large_image\" \/>\n<meta name=\"twitter:label1\" content=\"Odhadovan\u00e1 doba \u010dten\u00ed\" \/>\n\t<meta name=\"twitter:data1\" content=\"3 minuty\" \/>\n<script type=\"application\/ld+json\" class=\"yoast-schema-graph\">{\"@context\":\"https:\/\/schema.org\",\"@graph\":[{\"@type\":\"WebPage\",\"@id\":\"https:\/\/www.kaqun.sk\/obchodne-podmienky-opakovanych-platieb-predplatne\/\",\"url\":\"https:\/\/www.kaqun.sk\/obchodne-podmienky-opakovanych-platieb-predplatne\/\",\"name\":\"Obchodn\u00e9 podmienky opakovan\u00fdch platieb (predplatn\u00e9) - Kaqun | Kysl\u00edkov\u00e1 voda\",\"isPartOf\":{\"@id\":\"https:\/\/www.kaqun.sk\/#website\"},\"datePublished\":\"2026-03-21T17:17:47+00:00\",\"dateModified\":\"2026-03-26T11:30:27+00:00\",\"breadcrumb\":{\"@id\":\"https:\/\/www.kaqun.sk\/obchodne-podmienky-opakovanych-platieb-predplatne\/#breadcrumb\"},\"inLanguage\":\"cs\",\"potentialAction\":[{\"@type\":\"ReadAction\",\"target\":[\"https:\/\/www.kaqun.sk\/obchodne-podmienky-opakovanych-platieb-predplatne\/\"]}]},{\"@type\":\"BreadcrumbList\",\"@id\":\"https:\/\/www.kaqun.sk\/obchodne-podmienky-opakovanych-platieb-predplatne\/#breadcrumb\",\"itemListElement\":[{\"@type\":\"ListItem\",\"position\":1,\"name\":\"Domovsk\u00e1 str\u00e1nka\",\"item\":\"https:\/\/www.kaqun.sk\/cs\/domu\/\"},{\"@type\":\"ListItem\",\"position\":2,\"name\":\"Obchodn\u00e9 podmienky opakovan\u00fdch platieb (predplatn\u00e9)\"}]},{\"@type\":\"WebSite\",\"@id\":\"https:\/\/www.kaqun.sk\/#website\",\"url\":\"https:\/\/www.kaqun.sk\/\",\"name\":\"Kaqun | Kysl\u00edkov\u00e1 voda\",\"description\":\"Tekut\u00e9 zdravie Kaqun\",\"publisher\":{\"@id\":\"https:\/\/www.kaqun.sk\/#organization\"},\"potentialAction\":[{\"@type\":\"SearchAction\",\"target\":{\"@type\":\"EntryPoint\",\"urlTemplate\":\"https:\/\/www.kaqun.sk\/?s={search_term_string}\"},\"query-input\":{\"@type\":\"PropertyValueSpecification\",\"valueRequired\":true,\"valueName\":\"search_term_string\"}}],\"inLanguage\":\"cs\"},{\"@type\":\"Organization\",\"@id\":\"https:\/\/www.kaqun.sk\/#organization\",\"name\":\"Kaqun | Kysl\u00edkov\u00e1 voda\",\"url\":\"https:\/\/www.kaqun.sk\/\",\"logo\":{\"@type\":\"ImageObject\",\"inLanguage\":\"cs\",\"@id\":\"https:\/\/www.kaqun.sk\/#\/schema\/logo\/image\/\",\"url\":\"https:\/\/www.kaqun.sk\/wp-content\/uploads\/2025\/11\/Kaqun-logo-new.png\",\"contentUrl\":\"https:\/\/www.kaqun.sk\/wp-content\/uploads\/2025\/11\/Kaqun-logo-new.png\",\"width\":774,\"height\":192,\"caption\":\"Kaqun | Kysl\u00edkov\u00e1 voda\"},\"image\":{\"@id\":\"https:\/\/www.kaqun.sk\/#\/schema\/logo\/image\/\"}}]}<\/script>\n<!-- \/ Yoast SEO Premium plugin. -->","yoast_head_json":{"title":"Obchodn\u00e9 podmienky opakovan\u00fdch platieb (predplatn\u00e9) - Kaqun | Kysl\u00edkov\u00e1 voda","robots":{"index":"index","follow":"follow","max-snippet":"max-snippet:-1","max-image-preview":"max-image-preview:large","max-video-preview":"max-video-preview:-1"},"canonical":"https:\/\/www.kaqun.sk\/obchodne-podmienky-opakovanych-platieb-predplatne\/","og_locale":"cs_CZ","og_type":"article","og_title":"Obchodn\u00e9 podmienky opakovan\u00fdch platieb (predplatn\u00e9)","og_description":"Dodatok k V\u0161eobecn\u00fdm obchodn\u00fdm podmienkam Tento dodatok upravuje podmienky opakovan\u00fdch platieb a pravideln\u00e9ho doru\u010dovania produktov (\u010falej len \u201ePredplatn\u00e9\u201c), ktor\u00e9 Z\u00e1kazn\u00edk objedn\u00e1va cez webov\u00e9 str\u00e1nky spolo\u010dnosti. T\u00e1to \u010das\u0165 VOP sa vz\u0165ahuje na produkty, ktor\u00e9 je mo\u017en\u00e9 zak\u00fapi\u0165 vo forme predplatn\u00e9ho \u2013 napr\u00edklad automatick\u00e9 mesa\u010dn\u00e9 doru\u010dovanie pitn\u00e9ho re\u017eimu s\u00a0kysl\u00edkovou vodou KAQUN. Predplatn\u00e9 znamen\u00e1, \u017ee sa v pravideln\u00fdch [&hellip;]","og_url":"https:\/\/www.kaqun.sk\/obchodne-podmienky-opakovanych-platieb-predplatne\/","og_site_name":"Kaqun | Kysl\u00edkov\u00e1 voda","article_modified_time":"2026-03-26T11:30:27+00:00","twitter_card":"summary_large_image","twitter_misc":{"Odhadovan\u00e1 doba \u010dten\u00ed":"3 minuty"},"schema":{"@context":"https:\/\/schema.org","@graph":[{"@type":"WebPage","@id":"https:\/\/www.kaqun.sk\/obchodne-podmienky-opakovanych-platieb-predplatne\/","url":"https:\/\/www.kaqun.sk\/obchodne-podmienky-opakovanych-platieb-predplatne\/","name":"Obchodn\u00e9 podmienky opakovan\u00fdch platieb (predplatn\u00e9) - Kaqun | Kysl\u00edkov\u00e1 voda","isPartOf":{"@id":"https:\/\/www.kaqun.sk\/#website"},"datePublished":"2026-03-21T17:17:47+00:00","dateModified":"2026-03-26T11:30:27+00:00","breadcrumb":{"@id":"https:\/\/www.kaqun.sk\/obchodne-podmienky-opakovanych-platieb-predplatne\/#breadcrumb"},"inLanguage":"cs","potentialAction":[{"@type":"ReadAction","target":["https:\/\/www.kaqun.sk\/obchodne-podmienky-opakovanych-platieb-predplatne\/"]}]},{"@type":"BreadcrumbList","@id":"https:\/\/www.kaqun.sk\/obchodne-podmienky-opakovanych-platieb-predplatne\/#breadcrumb","itemListElement":[{"@type":"ListItem","position":1,"name":"Domovsk\u00e1 str\u00e1nka","item":"https:\/\/www.kaqun.sk\/cs\/domu\/"},{"@type":"ListItem","position":2,"name":"Obchodn\u00e9 podmienky opakovan\u00fdch platieb (predplatn\u00e9)"}]},{"@type":"WebSite","@id":"https:\/\/www.kaqun.sk\/#website","url":"https:\/\/www.kaqun.sk\/","name":"Kaqun | Kysl\u00edkov\u00e1 voda","description":"Tekut\u00e9 zdravie Kaqun","publisher":{"@id":"https:\/\/www.kaqun.sk\/#organization"},"potentialAction":[{"@type":"SearchAction","target":{"@type":"EntryPoint","urlTemplate":"https:\/\/www.kaqun.sk\/?s={search_term_string}"},"query-input":{"@type":"PropertyValueSpecification","valueRequired":true,"valueName":"search_term_string"}}],"inLanguage":"cs"},{"@type":"Organization","@id":"https:\/\/www.kaqun.sk\/#organization","name":"Kaqun | Kysl\u00edkov\u00e1 voda","url":"https:\/\/www.kaqun.sk\/","logo":{"@type":"ImageObject","inLanguage":"cs","@id":"https:\/\/www.kaqun.sk\/#\/schema\/logo\/image\/","url":"https:\/\/www.kaqun.sk\/wp-content\/uploads\/2025\/11\/Kaqun-logo-new.png","contentUrl":"https:\/\/www.kaqun.sk\/wp-content\/uploads\/2025\/11\/Kaqun-logo-new.png","width":774,"height":192,"caption":"Kaqun | Kysl\u00edkov\u00e1 voda"},"image":{"@id":"https:\/\/www.kaqun.sk\/#\/schema\/logo\/image\/"}}]}},"_links":{"self":[{"href":"https:\/\/www.kaqun.sk\/cs\/wp-json\/wp\/v2\/pages\/23330","targetHints":{"allow":["GET"]}}],"collection":[{"href":"https:\/\/www.kaqun.sk\/cs\/wp-json\/wp\/v2\/pages"}],"about":[{"href":"https:\/\/www.kaqun.sk\/cs\/wp-json\/wp\/v2\/types\/page"}],"author":[{"embeddable":true,"href":"https:\/\/www.kaqun.sk\/cs\/wp-json\/wp\/v2\/users\/1"}],"replies":[{"embeddable":true,"href":"https:\/\/www.kaqun.sk\/cs\/wp-json\/wp\/v2\/comments?post=23330"}],"version-history":[{"count":0,"href":"https:\/\/www.kaqun.sk\/cs\/wp-json\/wp\/v2\/pages\/23330\/revisions"}],"wp:attachment":[{"href":"https:\/\/www.kaqun.sk\/cs\/wp-json\/wp\/v2\/media?parent=23330"}],"curies":[{"name":"wp","href":"https:\/\/api.w.org\/{rel}","templated":true}]}}